{"id":159,"date":"2022-03-10T14:54:30","date_gmt":"2022-03-10T19:54:30","guid":{"rendered":"https:\/\/compracorporativasalud.compraspublicas.gob.ec\/SICM\/?page_id=159"},"modified":"2022-03-11T16:24:13","modified_gmt":"2022-03-11T21:24:13","slug":"alcance","status":"publish","type":"page","link":"https:\/\/compracorporativasalud.compraspublicas.gob.ec\/SICM\/?page_id=159","title":{"rendered":"Alcance"},"content":{"rendered":"<p>[et_pb_section fb_built=\u00bb1&#8243; fullwidth=\u00bbon\u00bb _builder_version=\u00bb3.22&#8243; global_colors_info=\u00bb{}\u00bb][et_pb_fullwidth_image src=\u00bbhttps:\/\/compracorporativasalud.compraspublicas.gob.ec\/SICM\/wp-content\/uploads\/2022\/03\/Mesa-de-trabajo-7-copia-2-8.png\u00bb title_text=\u00bbMesa de trabajo 7 copia 2-8&#8243; _builder_version=\u00bb4.14.8&#8243; animation_style=\u00bbslide\u00bb animation_direction=\u00bbleft\u00bb animation_duration=\u00bb500ms\u00bb animation_intensity_slide=\u00bb10%\u00bb hover_enabled=\u00bb0&#8243; global_colors_info=\u00bb{}\u00bb sticky_enabled=\u00bb0&#8243;]&nbsp;<br \/>\n[\/et_pb_fullwidth_image][\/et_pb_section][et_pb_section fb_built=\u00bb1&#8243; _builder_version=\u00bb3.22&#8243; global_colors_info=\u00bb{}\u00bb][et_pb_row _builder_version=\u00bb3.25&#8243; background_size=\u00bbinitial\u00bb background_position=\u00bbtop_left\u00bb background_repeat=\u00bbrepeat\u00bb global_colors_info=\u00bb{}\u00bb][et_pb_column type=\u00bb4_4&#8243; _builder_version=\u00bb3.25&#8243; custom_padding=\u00bb|||\u00bb global_colors_info=\u00bb{}\u00bb custom_padding__hover=\u00bb|||\u00bb][et_pb_text _builder_version=\u00bb4.14.8&#8243; border_style=\u00bbsolid\u00bb global_colors_info=\u00bb{}\u00bb]<\/p>\n<p style=\"text-align: justify;\"><span style=\"color: #000000;\">La Subasta Inversa Corporativa de Medicamentos (SICM) es un procedimiento electr\u00f3nico, competitivo, participativo y transparente que permite optimizar los recursos del Estado destinados para la adquisici\u00f3n de medicamentos.<\/span><\/p>\n<p style=\"text-align: justify;\"><span style=\"color: #000000;\">Por este motivo es fundamental la coordinaci\u00f3n interinstitucional entre el Servicio Nacional de Contrataci\u00f3n P\u00fablica (Sercop) y la Red P\u00fablica Integral de Salud (RPIS) para garantizar un adecuado desarrollo de los insumos previos y alcanzar el \u00e9xito de los objetivos planteados durante cada etapa de la SICM.<\/span><\/p>\n<p style=\"text-align: justify;\"><span style=\"color: #000000;\">En ese sentido, el Sercop se enfoca en optimizar el acceso y abastecimiento de los f\u00e1rmacos del Cuadro Nacional de Medicamentos B\u00e1sicos a las entidades contratantes de la RPIS. Adem\u00e1s, motiva la participaci\u00f3n de proveedores nacionales y extranjeros en todos los procedimientos de contrataci\u00f3n, permitiendo generar mayor competencia y eliminando distorsiones en el mercado farmac\u00e9utico.<\/span><\/p>\n<p>[\/et_pb_text][\/et_pb_column][\/et_pb_row][\/et_pb_section]<\/p>\n","protected":false},"excerpt":{"rendered":"<p>&nbsp; La Subasta Inversa Corporativa de Medicamentos (SICM) es un procedimiento electr\u00f3nico, competitivo, participativo y transparente que permite optimizar los recursos del Estado destinados para la adquisici\u00f3n de medicamentos. Por este motivo es fundamental la coordinaci\u00f3n interinstitucional entre el Servicio Nacional de Contrataci\u00f3n P\u00fablica (Sercop) y la Red P\u00fablica Integral de Salud (RPIS) para garantizar [&hellip;]<\/p>\n","protected":false},"author":1,"featured_media":0,"parent":0,"menu_order":0,"comment_status":"closed","ping_status":"closed","template":"","meta":{"_et_pb_use_builder":"on","_et_pb_old_content":"","_et_gb_content_width":"","footnotes":""},"_links":{"self":[{"href":"https:\/\/compracorporativasalud.compraspublicas.gob.ec\/SICM\/index.php?rest_route=\/wp\/v2\/pages\/159"}],"collection":[{"href":"https:\/\/compracorporativasalud.compraspublicas.gob.ec\/SICM\/index.php?rest_route=\/wp\/v2\/pages"}],"about":[{"href":"https:\/\/compracorporativasalud.compraspublicas.gob.ec\/SICM\/index.php?rest_route=\/wp\/v2\/types\/page"}],"author":[{"embeddable":true,"href":"https:\/\/compracorporativasalud.compraspublicas.gob.ec\/SICM\/index.php?rest_route=\/wp\/v2\/users\/1"}],"replies":[{"embeddable":true,"href":"https:\/\/compracorporativasalud.compraspublicas.gob.ec\/SICM\/index.php?rest_route=%2Fwp%2Fv2%2Fcomments&post=159"}],"version-history":[{"count":4,"href":"https:\/\/compracorporativasalud.compraspublicas.gob.ec\/SICM\/index.php?rest_route=\/wp\/v2\/pages\/159\/revisions"}],"predecessor-version":[{"id":252,"href":"https:\/\/compracorporativasalud.compraspublicas.gob.ec\/SICM\/index.php?rest_route=\/wp\/v2\/pages\/159\/revisions\/252"}],"wp:attachment":[{"href":"https:\/\/compracorporativasalud.compraspublicas.gob.ec\/SICM\/index.php?rest_route=%2Fwp%2Fv2%2Fmedia&parent=159"}],"curies":[{"name":"wp","href":"https:\/\/api.w.org\/{rel}","templated":true}]}}