{"id":184,"date":"2022-03-10T15:31:17","date_gmt":"2022-03-10T20:31:17","guid":{"rendered":"https:\/\/compracorporativasalud.compraspublicas.gob.ec\/SICM\/?page_id=184"},"modified":"2023-12-20T15:55:26","modified_gmt":"2023-12-20T20:55:26","slug":"informacion-de-soporte","status":"publish","type":"page","link":"https:\/\/compracorporativasalud.compraspublicas.gob.ec\/SICM\/?page_id=184","title":{"rendered":"Informaci\u00f3n de soporte"},"content":{"rendered":"<p>[et_pb_section fb_built=\u00bb1&#8243; fullwidth=\u00bbon\u00bb _builder_version=\u00bb4.16&#8243; global_colors_info=\u00bb{}\u00bb][et_pb_fullwidth_image src=\u00bbhttps:\/\/compracorporativasalud.compraspublicas.gob.ec\/SICM\/wp-content\/uploads\/2022\/03\/Mesa-de-trabajo-7-copia-7-8.png\u00bb title_text=\u00bbMesa de trabajo 7 copia 7-8&#8243; _builder_version=\u00bb4.16&#8243; animation_style=\u00bbslide\u00bb animation_direction=\u00bbleft\u00bb animation_duration=\u00bb500ms\u00bb animation_intensity_slide=\u00bb10%\u00bb animation=\u00bbleft\u00bb border_style=\u00bbsolid\u00bb global_colors_info=\u00bb{}\u00bb][\/et_pb_fullwidth_image][\/et_pb_section][et_pb_section fb_built=\u00bb1&#8243; _builder_version=\u00bb4.16&#8243; global_colors_info=\u00bb{}\u00bb][et_pb_row _builder_version=\u00bb4.16&#8243; background_size=\u00bbinitial\u00bb background_position=\u00bbtop_left\u00bb background_repeat=\u00bbrepeat\u00bb global_colors_info=\u00bb{}\u00bb][et_pb_column type=\u00bb4_4&#8243; _builder_version=\u00bb4.16&#8243; custom_padding=\u00bb|||\u00bb global_colors_info=\u00bb{}\u00bb custom_padding__hover=\u00bb|||\u00bb][et_pb_accordion _builder_version=\u00bb4.17.1&#8243; hover_enabled=\u00bb0&#8243; border_style=\u00bbsolid\u00bb global_colors_info=\u00bb{}\u00bb sticky_enabled=\u00bb0&#8243;][et_pb_accordion_item title=\u00bbListado de entidades contratantes definido por la RPIS para la generaci\u00f3n de \u00f3rdenes de compra en el cat\u00e1logo electr\u00f3nico de medicamentos\u00bb _builder_version=\u00bb4.17.1&#8243; _module_preset=\u00bbdefault\u00bb global_colors_info=\u00bb{}\u00bb open=\u00bbon\u00bb]<\/p>\n<p><a href=\"https:\/\/compracorporativasalud.compraspublicas.gob.ec\/SICM\/wp-content\/uploads\/2023\/12\/Listado_Entidades_Contratatantes_20231220.xlsx\">Descarga Aqu\u00ed<\/a><\/p>\n<p>[\/et_pb_accordion_item][et_pb_accordion_item title=\u00bbPortafolio de Necesidades de la Red P\u00fablica Integral de Salud 2022 \u00bb _builder_version=\u00bb4.17.1&#8243; global_colors_info=\u00bb{}\u00bb open=\u00bboff\u00bb]<a href=\"https:\/\/compracorporativasalud.compraspublicas.gob.ec\/SICM\/wp-content\/uploads\/2022\/08\/PORTAFOLIO-DE-PUBLICACIO\u0301N-CONSOLIDADO-15-08-2022.xlsx\">Descargue Aqu\u00ed<\/a>[\/et_pb_accordion_item][et_pb_accordion_item title=\u00bbEstimaci\u00f3n de necesidades de medicamentos 2022 Red P\u00fablica Integral de Salud (RPIS). Pdf \u00bb open=\u00bboff\u00bb _builder_version=\u00bb4.17.1&#8243; global_colors_info=\u00bb{}\u00bb]<\/p>\n<p><a href=\"https:\/\/compracorporativasalud.compraspublicas.gob.ec\/SICM\/wp-content\/uploads\/2023\/09\/1.-Consolidado-estimacio\u0301n-de-necesidades-SICM-RPIS.pdf\" target=\"_blank\" rel=\"noopener\">Descargue Aqu\u00ed<\/a><\/p>\n<p>[\/et_pb_accordion_item][et_pb_accordion_item title=\u00bbEstimaci\u00f3n de necesidades de medicamentos 2022 Red P\u00fablica Integral de Salud (RPIS) Xlsx \u00bb _builder_version=\u00bb4.17.1&#8243; global_colors_info=\u00bb{}\u00bb open=\u00bboff\u00bb]<\/p>\n<p><a href=\"https:\/\/compracorporativasalud.compraspublicas.gob.ec\/SICM\/wp-content\/uploads\/2023\/09\/2.-Consolidado-estimacio\u0301n-de-necesidades-SICM-RPIS.xlsx\" target=\"_blank\" rel=\"noopener\">Descargue Aqu\u00ed<\/a><\/p>\n<p>[\/et_pb_accordion_item][et_pb_accordion_item title=\u00bbDistributivo Ministerio de Salud P\u00fablica \u00bb _builder_version=\u00bb4.17.1&#8243; global_colors_info=\u00bb{}\u00bb open=\u00bboff\u00bb]<\/p>\n<p><a href=\"https:\/\/compracorporativasalud.compraspublicas.gob.ec\/SICM\/wp-content\/uploads\/2023\/09\/3.-Distributivo-Ministerio-de-Salud-Pu\u0301blica.xlsx\" target=\"_blank\" rel=\"noopener noreferrer\">Descargue Aqu\u00ed<\/a><\/p>\n<p>[\/et_pb_accordion_item][et_pb_accordion_item title=\u00bbDistributivo Instituto Ecuatoriano de Seguridad Social \u00bb _builder_version=\u00bb4.17.1&#8243; global_colors_info=\u00bb{}\u00bb open=\u00bboff\u00bb]<\/p>\n<p><a href=\"https:\/\/compracorporativasalud.compraspublicas.gob.ec\/SICM\/wp-content\/uploads\/2023\/09\/4.-Distributivo-Instituto-Ecuatoriano-de-Seguridad-Social.xlsx\" target=\"_blank\" rel=\"noopener\">Descargue Aqu\u00ed<\/a><\/p>\n<p>[\/et_pb_accordion_item][et_pb_accordion_item title=\u00bbDistributivo Fuerzas Armadas \u00bb _builder_version=\u00bb4.17.1&#8243; _module_preset=\u00bbdefault\u00bb global_colors_info=\u00bb{}\u00bb open=\u00bboff\u00bb]<\/p>\n<p><a href=\"https:\/\/compracorporativasalud.compraspublicas.gob.ec\/SICM\/wp-content\/uploads\/2023\/09\/5.-Distributivo-Fuerzas-Armadas.xlsx\" target=\"_blank\" rel=\"noopener\">Descargar Aqu\u00ed<\/a><\/p>\n<p>[\/et_pb_accordion_item][et_pb_accordion_item title=\u00bbFichas t\u00e9cnicas de Medicamentos \u00bb _builder_version=\u00bb4.17.1&#8243; _module_preset=\u00bbdefault\u00bb global_colors_info=\u00bb{}\u00bb open=\u00bboff\u00bb]<\/p>\n<p><a href=\"https:\/\/compracorporativasalud.compraspublicas.gob.ec\/SICM\/wp-content\/uploads\/2022\/08\/Fichas-Tecnicas-de-medicamentos-SICM-2022.pdf\">Descarga Aqu\u00ed<\/a><\/p>\n<p>[\/et_pb_accordion_item][et_pb_accordion_item title=\u00bbDistributivo Polic\u00eda Nacional \u00bb _builder_version=\u00bb4.17.1&#8243; _module_preset=\u00bbdefault\u00bb global_colors_info=\u00bb{}\u00bb open=\u00bboff\u00bb]<\/p>\n<p><a href=\"https:\/\/compracorporativasalud.compraspublicas.gob.ec\/SICM\/wp-content\/uploads\/2023\/09\/6.-Distributivo-Polici\u0301a-Nacional.xlsx\" target=\"_blank\" rel=\"noopener\">Descarga Aqu\u00ed<\/a><\/p>\n<p>[\/et_pb_accordion_item][\/et_pb_accordion][\/et_pb_column][\/et_pb_row][\/et_pb_section]<\/p>\n","protected":false},"excerpt":{"rendered":"<p>Descarga Aqu\u00edDescargue Aqu\u00edDescargue Aqu\u00edDescargue Aqu\u00edDescargue Aqu\u00edDescargue Aqu\u00edDescargar Aqu\u00edDescarga Aqu\u00edDescarga Aqu\u00ed<\/p>\n","protected":false},"author":1,"featured_media":0,"parent":0,"menu_order":0,"comment_status":"closed","ping_status":"closed","template":"","meta":{"_et_pb_use_builder":"on","_et_pb_old_content":"","_et_gb_content_width":"","footnotes":""},"_links":{"self":[{"href":"https:\/\/compracorporativasalud.compraspublicas.gob.ec\/SICM\/index.php?rest_route=\/wp\/v2\/pages\/184"}],"collection":[{"href":"https:\/\/compracorporativasalud.compraspublicas.gob.ec\/SICM\/index.php?rest_route=\/wp\/v2\/pages"}],"about":[{"href":"https:\/\/compracorporativasalud.compraspublicas.gob.ec\/SICM\/index.php?rest_route=\/wp\/v2\/types\/page"}],"author":[{"embeddable":true,"href":"https:\/\/compracorporativasalud.compraspublicas.gob.ec\/SICM\/index.php?rest_route=\/wp\/v2\/users\/1"}],"replies":[{"embeddable":true,"href":"https:\/\/compracorporativasalud.compraspublicas.gob.ec\/SICM\/index.php?rest_route=%2Fwp%2Fv2%2Fcomments&post=184"}],"version-history":[{"count":24,"href":"https:\/\/compracorporativasalud.compraspublicas.gob.ec\/SICM\/index.php?rest_route=\/wp\/v2\/pages\/184\/revisions"}],"predecessor-version":[{"id":854,"href":"https:\/\/compracorporativasalud.compraspublicas.gob.ec\/SICM\/index.php?rest_route=\/wp\/v2\/pages\/184\/revisions\/854"}],"wp:attachment":[{"href":"https:\/\/compracorporativasalud.compraspublicas.gob.ec\/SICM\/index.php?rest_route=%2Fwp%2Fv2%2Fmedia&parent=184"}],"curies":[{"name":"wp","href":"https:\/\/api.w.org\/{rel}","templated":true}]}}