{"id":188,"date":"2022-03-10T15:36:12","date_gmt":"2022-03-10T20:36:12","guid":{"rendered":"https:\/\/compracorporativasalud.compraspublicas.gob.ec\/SICM\/?page_id=188"},"modified":"2022-04-29T14:33:14","modified_gmt":"2022-04-29T19:33:14","slug":"manuales","status":"publish","type":"page","link":"https:\/\/compracorporativasalud.compraspublicas.gob.ec\/SICM\/?page_id=188","title":{"rendered":"Manuales"},"content":{"rendered":"<p>[et_pb_section fb_built=\u00bb1&#8243; fullwidth=\u00bbon\u00bb _builder_version=\u00bb4.16&#8243; global_colors_info=\u00bb{}\u00bb][et_pb_fullwidth_image src=\u00bbhttps:\/\/compracorporativasalud.compraspublicas.gob.ec\/SICM\/wp-content\/uploads\/2022\/03\/Mesa-de-trabajo-7-copia-8-8.png\u00bb title_text=\u00bbMesa de trabajo 7 copia 8-8&#8243; _builder_version=\u00bb4.16&#8243; animation_style=\u00bbslide\u00bb animation_direction=\u00bbleft\u00bb animation_duration=\u00bb500ms\u00bb animation_intensity_slide=\u00bb10%\u00bb animation=\u00bbleft\u00bb border_style=\u00bbsolid\u00bb global_colors_info=\u00bb{}\u00bb][\/et_pb_fullwidth_image][\/et_pb_section][et_pb_section fb_built=\u00bb1&#8243; _builder_version=\u00bb4.16&#8243; global_colors_info=\u00bb{}\u00bb][et_pb_row _builder_version=\u00bb4.16&#8243; background_size=\u00bbinitial\u00bb background_position=\u00bbtop_left\u00bb background_repeat=\u00bbrepeat\u00bb global_colors_info=\u00bb{}\u00bb][et_pb_column type=\u00bb4_4&#8243; _builder_version=\u00bb4.16&#8243; custom_padding=\u00bb|||\u00bb global_colors_info=\u00bb{}\u00bb custom_padding__hover=\u00bb|||\u00bb][et_pb_accordion _builder_version=\u00bb4.17.1&#8243; hover_enabled=\u00bb0&#8243; border_style=\u00bbsolid\u00bb global_colors_info=\u00bb{}\u00bb sticky_enabled=\u00bb0&#8243;][et_pb_accordion_item title=\u00bbManual de uso &#8211; Entrega de documentaci\u00f3n habilitante\u00bb open=\u00bbon\u00bb _builder_version=\u00bb4.17.1&#8243; hover_enabled=\u00bb0&#8243; global_colors_info=\u00bb{}\u00bb sticky_enabled=\u00bb0&#8243;]<\/p>\n<p><a href=\"https:\/\/compracorporativasalud.compraspublicas.gob.ec\/SICM\/wp-content\/uploads\/2022\/04\/Manual-de-uso.pdf\">Descargue Aqu\u00ed<\/a><\/p>\n<p>[\/et_pb_accordion_item][et_pb_accordion_item title=\u00bbManual Actualizaci\u00f3n y Registro de Nuevos Proveedores\u00bb open=\u00bbon\u00bb _builder_version=\u00bb4.16&#8243; global_colors_info=\u00bb{}\u00bb]<\/p>\n<p><a href=\"https:\/\/compracorporativasalud.compraspublicas.gob.ec\/SICM\/wp-content\/uploads\/2022\/03\/Manual-de-registro-y-actualizacion-de-proveedores.pdf\">Descargue Aqu\u00ed<\/a><\/p>\n<p>[\/et_pb_accordion_item][et_pb_accordion_item title=\u00bbManual de Usuario M\u00f3dulo de Compras Corporativas\u00bb _builder_version=\u00bb4.16&#8243; global_colors_info=\u00bb{}\u00bb open=\u00bboff\u00bb]<\/p>\n<p><a href=\"https:\/\/compracorporativasalud.compraspublicas.gob.ec\/SICM\/wp-content\/uploads\/2022\/03\/MANUAL_PROVEEDORES_PyR_ADHESION_OFERTA-INICIAL_PUJA.pdf\">Descargue Aqu\u00ed<\/a><\/p>\n<p>[\/et_pb_accordion_item][\/et_pb_accordion][\/et_pb_column][\/et_pb_row][\/et_pb_section]<\/p>\n","protected":false},"excerpt":{"rendered":"<p>Descargue Aqu\u00edDescargue Aqu\u00edDescargue Aqu\u00ed<\/p>\n","protected":false},"author":1,"featured_media":0,"parent":0,"menu_order":0,"comment_status":"closed","ping_status":"closed","template":"","meta":{"_et_pb_use_builder":"on","_et_pb_old_content":"","_et_gb_content_width":"","footnotes":""},"_links":{"self":[{"href":"https:\/\/compracorporativasalud.compraspublicas.gob.ec\/SICM\/index.php?rest_route=\/wp\/v2\/pages\/188"}],"collection":[{"href":"https:\/\/compracorporativasalud.compraspublicas.gob.ec\/SICM\/index.php?rest_route=\/wp\/v2\/pages"}],"about":[{"href":"https:\/\/compracorporativasalud.compraspublicas.gob.ec\/SICM\/index.php?rest_route=\/wp\/v2\/types\/page"}],"author":[{"embeddable":true,"href":"https:\/\/compracorporativasalud.compraspublicas.gob.ec\/SICM\/index.php?rest_route=\/wp\/v2\/users\/1"}],"replies":[{"embeddable":true,"href":"https:\/\/compracorporativasalud.compraspublicas.gob.ec\/SICM\/index.php?rest_route=%2Fwp%2Fv2%2Fcomments&post=188"}],"version-history":[{"count":5,"href":"https:\/\/compracorporativasalud.compraspublicas.gob.ec\/SICM\/index.php?rest_route=\/wp\/v2\/pages\/188\/revisions"}],"predecessor-version":[{"id":493,"href":"https:\/\/compracorporativasalud.compraspublicas.gob.ec\/SICM\/index.php?rest_route=\/wp\/v2\/pages\/188\/revisions\/493"}],"wp:attachment":[{"href":"https:\/\/compracorporativasalud.compraspublicas.gob.ec\/SICM\/index.php?rest_route=%2Fwp%2Fv2%2Fmedia&parent=188"}],"curies":[{"name":"wp","href":"https:\/\/api.w.org\/{rel}","templated":true}]}}