{"id":158,"date":"2019-10-23T15:43:02","date_gmt":"2019-10-23T15:43:02","guid":{"rendered":"https:\/\/compracorporativasalud.compraspublicas.gob.ec\/?page_id=158"},"modified":"2022-03-02T16:18:34","modified_gmt":"2022-03-02T16:18:34","slug":"que-es-la-compra-corporativa","status":"publish","type":"page","link":"https:\/\/compracorporativasalud.compraspublicas.gob.ec\/index.php\/que-es-la-compra-corporativa\/","title":{"rendered":"\u00bfQu\u00e9 es la compra corporativa?"},"content":{"rendered":"<p>[et_pb_section fb_built=&#8221;1&#8243; fullwidth=&#8221;on&#8221; _builder_version=&#8221;3.22&#8243;][et_pb_fullwidth_image src=&#8221;https:\/\/compracorporativasalud.compraspublicas.gob.ec\/wp-content\/uploads\/2022\/03\/Mesa-de-trabajo-7-copia.png&#8221; title_text=&#8221;Mesa de trabajo 7 copia&#8221; _builder_version=&#8221;4.8.1&#8243; animation_style=&#8221;slide&#8221; animation_direction=&#8221;left&#8221; animation_duration=&#8221;500ms&#8221; animation_intensity_slide=&#8221;10%&#8221; animation=&#8221;left&#8221; border_style=&#8221;solid&#8221;][\/et_pb_fullwidth_image][\/et_pb_section][et_pb_section fb_built=&#8221;1&#8243; _builder_version=&#8221;3.22&#8243;][et_pb_row _builder_version=&#8221;3.25&#8243; background_size=&#8221;initial&#8221; background_position=&#8221;top_left&#8221; background_repeat=&#8221;repeat&#8221;][et_pb_column type=&#8221;4_4&#8243; _builder_version=&#8221;3.25&#8243; custom_padding=&#8221;|||&#8221; custom_padding__hover=&#8221;|||&#8221;][et_pb_text _builder_version=&#8221;4.8.1&#8243; hover_enabled=&#8221;0&#8243; border_style=&#8221;solid&#8221; sticky_enabled=&#8221;0&#8243;]<\/p>\n<p style=\"text-align: justify;\" data-mce-fragment=\"1\"><span style=\"color: #320000;\">Compra corporativa es la modalidad de contrataci\u00f3n a trav\u00e9s de la cual la Red P\u00fablica Integral de Salud (RPIS) y el Servicio Nacional de Contrataci\u00f3n P\u00fablica (Sercop) seleccionan los proveedores de bienes que constar\u00e1n posteriormente en el portal de Compras P\u00fablicas para su adquisici\u00f3n directa por parte de las entidades contratantes.<\/span><\/p>\n<p style=\"text-align: justify;\" data-mce-fragment=\"1\"><span style=\"color: #320000;\">Una vez culminada la selecci\u00f3n de proveedores, el Sercop adjudicar\u00e1 y suscribir\u00e1 un Convenio marco con los proveedores adjudicados. Dicho convenio no constituye la compra del bien, sino que dar\u00e1 el derecho y la obligaci\u00f3n del proveedor seleccionado a constar en el repertorio virtual para compras directas, habilitado en el portal de Compras P\u00fablicas, de acuerdo con las condiciones, requerimientos y requisitos establecidos en los pliegos del procedimiento de selecci\u00f3n.<\/span><\/p>\n<p style=\"text-align: justify;\" data-mce-fragment=\"1\"><span style=\"color: #320000;\">Una vez habilitado el proveedor seleccionado en el repertorio virtual, las entidades contratantes que conforman la RPIS podr\u00e1n generar las \u00f3rdenes de compra respectivas, las cuales constituir\u00e1n una relaci\u00f3n jur\u00eddica bilateral, \u00fanica e independiente.<\/span><\/p>\n<p style=\"text-align: justify;\" data-mce-fragment=\"1\"><span style=\"color: #320000;\">Las compras corporativas le permiten al Estado hacer uso del monopsonio que implica agregar la demanda gubernamental para aprovechar las econom\u00edas de escala, obteniendo un mejor margen de negociaci\u00f3n y mejores condiciones de contrataci\u00f3n. De esta manera, las entidades contratantes aseguran el acceso oportuno de la poblaci\u00f3n a los bienes p\u00fablicos de salud y se garantiza el uso adecuado y la optimizaci\u00f3n de los recursos del Estado.\u200b<\/span><\/p>\n<p>&nbsp;<\/p>\n<p>&nbsp;<\/p>\n<p><img loading=\"lazy\" class=\"alignnone wp-image-513 size-full\" src=\"https:\/\/compracorporativasalud.compraspublicas.gob.ec\/wp-content\/uploads\/2020\/06\/WhatsApp-Image-2020-06-17-at-11.51.03-AM.jpeg\" alt=\"\" width=\"1079\" height=\"568\" srcset=\"https:\/\/compracorporativasalud.compraspublicas.gob.ec\/wp-content\/uploads\/2020\/06\/WhatsApp-Image-2020-06-17-at-11.51.03-AM.jpeg 1079w, https:\/\/compracorporativasalud.compraspublicas.gob.ec\/wp-content\/uploads\/2020\/06\/WhatsApp-Image-2020-06-17-at-11.51.03-AM-300x158.jpeg 300w, https:\/\/compracorporativasalud.compraspublicas.gob.ec\/wp-content\/uploads\/2020\/06\/WhatsApp-Image-2020-06-17-at-11.51.03-AM-1024x539.jpeg 1024w, https:\/\/compracorporativasalud.compraspublicas.gob.ec\/wp-content\/uploads\/2020\/06\/WhatsApp-Image-2020-06-17-at-11.51.03-AM-768x404.jpeg 768w\" sizes=\"(max-width: 1079px) 100vw, 1079px\" \/><\/p>\n<p>[\/et_pb_text][\/et_pb_column][\/et_pb_row][\/et_pb_section]<\/p>\n","protected":false},"excerpt":{"rendered":"<p>[et_pb_section fb_built=&#8221;1&#8243; fullwidth=&#8221;on&#8221; _builder_version=&#8221;3.22&#8243;][et_pb_fullwidth_image src=&#8221;https:\/\/compracorporativasalud.compraspublicas.gob.ec\/wp-content\/uploads\/2022\/03\/Mesa-de-trabajo-7-copia.png&#8221; title_text=&#8221;Mesa de trabajo 7 copia&#8221; _builder_version=&#8221;4.8.1&#8243; animation_style=&#8221;slide&#8221; animation_direction=&#8221;left&#8221; animation_duration=&#8221;500ms&#8221; animation_intensity_slide=&#8221;10%&#8221; animation=&#8221;left&#8221; border_style=&#8221;solid&#8221;][\/et_pb_fullwidth_image][\/et_pb_section][et_pb_section fb_built=&#8221;1&#8243; _builder_version=&#8221;3.22&#8243;][et_pb_row _builder_version=&#8221;3.25&#8243; background_size=&#8221;initial&#8221; background_position=&#8221;top_left&#8221; background_repeat=&#8221;repeat&#8221;][et_pb_column type=&#8221;4_4&#8243; _builder_version=&#8221;3.25&#8243; custom_padding=&#8221;|||&#8221; custom_padding__hover=&#8221;|||&#8221;][et_pb_text _builder_version=&#8221;4.8.1&#8243; hover_enabled=&#8221;0&#8243; border_style=&#8221;solid&#8221; sticky_enabled=&#8221;0&#8243;] Compra corporativa es la modalidad de contrataci\u00f3n a trav\u00e9s de la cual la Red P\u00fablica Integral de Salud (RPIS) y el Servicio Nacional de [&hellip;]<\/p>\n","protected":false},"author":5,"featured_media":0,"parent":0,"menu_order":0,"comment_status":"closed","ping_status":"closed","template":"","meta":{"_et_pb_use_builder":"on","_et_pb_old_content":"","_et_gb_content_width":""},"_links":{"self":[{"href":"https:\/\/compracorporativasalud.compraspublicas.gob.ec\/index.php\/wp-json\/wp\/v2\/pages\/158"}],"collection":[{"href":"https:\/\/compracorporativasalud.compraspublicas.gob.ec\/index.php\/wp-json\/wp\/v2\/pages"}],"about":[{"href":"https:\/\/compracorporativasalud.compraspublicas.gob.ec\/index.php\/wp-json\/wp\/v2\/types\/page"}],"author":[{"embeddable":true,"href":"https:\/\/compracorporativasalud.compraspublicas.gob.ec\/index.php\/wp-json\/wp\/v2\/users\/5"}],"replies":[{"embeddable":true,"href":"https:\/\/compracorporativasalud.compraspublicas.gob.ec\/index.php\/wp-json\/wp\/v2\/comments?post=158"}],"version-history":[{"count":10,"href":"https:\/\/compracorporativasalud.compraspublicas.gob.ec\/index.php\/wp-json\/wp\/v2\/pages\/158\/revisions"}],"predecessor-version":[{"id":802,"href":"https:\/\/compracorporativasalud.compraspublicas.gob.ec\/index.php\/wp-json\/wp\/v2\/pages\/158\/revisions\/802"}],"wp:attachment":[{"href":"https:\/\/compracorporativasalud.compraspublicas.gob.ec\/index.php\/wp-json\/wp\/v2\/media?parent=158"}],"curies":[{"name":"wp","href":"https:\/\/api.w.org\/{rel}","templated":true}]}}