{"id":236,"date":"2019-11-18T21:29:50","date_gmt":"2019-11-18T21:29:50","guid":{"rendered":"https:\/\/compracorporativasalud.compraspublicas.gob.ec\/?page_id=236"},"modified":"2022-03-03T17:09:14","modified_gmt":"2022-03-03T17:09:14","slug":"normativa","status":"publish","type":"page","link":"https:\/\/compracorporativasalud.compraspublicas.gob.ec\/index.php\/normativa\/","title":{"rendered":"Normativa"},"content":{"rendered":"<p>[et_pb_section fb_built=&#8221;1&#8243; fullwidth=&#8221;on&#8221; _builder_version=&#8221;3.22&#8243;][et_pb_fullwidth_image src=&#8221;https:\/\/compracorporativasalud.compraspublicas.gob.ec\/wp-content\/uploads\/2022\/03\/Mesa-de-trabajo-7-copia-3.png&#8221; title_text=&#8221;Mesa de trabajo 7 copia 3&#8243; _builder_version=&#8221;4.8.1&#8243; animation_style=&#8221;slide&#8221; animation_direction=&#8221;left&#8221; animation_duration=&#8221;500ms&#8221; animation_intensity_slide=&#8221;10%&#8221; border_style=&#8221;solid&#8221; animation=&#8221;left&#8221;][\/et_pb_fullwidth_image][\/et_pb_section][et_pb_section fb_built=&#8221;1&#8243; _builder_version=&#8221;3.22&#8243;][et_pb_row _builder_version=&#8221;3.25&#8243; background_size=&#8221;initial&#8221; background_position=&#8221;top_left&#8221; background_repeat=&#8221;repeat&#8221;][et_pb_column type=&#8221;4_4&#8243; _builder_version=&#8221;3.25&#8243; custom_padding=&#8221;|||&#8221; custom_padding__hover=&#8221;|||&#8221;][et_pb_accordion _builder_version=&#8221;4.8.1&#8243; hover_enabled=&#8221;0&#8243; border_style=&#8221;solid&#8221; sticky_enabled=&#8221;0&#8243;][et_pb_accordion_item title=&#8221;Constituci\u00f3n de la Rep\u00fablica del Ecuador &#8221; open=&#8221;on&#8221; _builder_version=&#8221;3.0.47&#8243;]<a href=\"https:\/\/compracorporativasalud.compraspublicas.gob.ec\/wp-content\/uploads\/2019\/11\/1-CONSTITUCION_DE_LA_REPUBLICA_DEL_ECUADOR_2008.pdf\" target=\"_blank\" rel=\"noopener noreferrer\">Descargue Aqu\u00ed<\/a><br \/>\n[\/et_pb_accordion_item][et_pb_accordion_item title=&#8221;Ley Org\u00e1nica del Sistema Nacional de Contrataci\u00f3n P\u00fablica&#8221; _builder_version=&#8221;3.0.47&#8243; open=&#8221;off&#8221;]<a href=\"https:\/\/compracorporativasalud.compraspublicas.gob.ec\/wp-content\/uploads\/2019\/11\/2_LOSNCP.pdf\" target=\"_blank\" rel=\"noopener noreferrer\">Descargue Aqu\u00ed<\/a><br \/>\n[\/et_pb_accordion_item][et_pb_accordion_item title=&#8221;Ley Org\u00e1nica de Salud&#8221; _builder_version=&#8221;3.0.47&#8243; open=&#8221;off&#8221;]<a href=\"https:\/\/compracorporativasalud.compraspublicas.gob.ec\/wp-content\/uploads\/2019\/11\/3_LI-LEY-ORGANICA-DE-SALUD.pdf\" target=\"_blank\" rel=\"noopener noreferrer\">Descargue Aqu\u00ed<\/a><br \/>\n[\/et_pb_accordion_item][et_pb_accordion_item title=&#8221;Reglamento a la Ley Org\u00e1nica del Sistema Nacional de Contrataci\u00f3n P\u00fablica&#8221; _builder_version=&#8221;3.0.47&#8243; open=&#8221;off&#8221;]<a href=\"https:\/\/compracorporativasalud.compraspublicas.gob.ec\/wp-content\/uploads\/2019\/11\/4_Reglamento-LONCP-actualizado.pdf\" target=\"_blank\" rel=\"noopener noreferrer\">Descargue Aqu\u00ed<\/a><br \/>\n[\/et_pb_accordion_item][et_pb_accordion_item title=&#8221;Decreto Ejecutivo Nro. 337 Reforma al Reglamento a la Ley Org\u00e1nica del Sistema Nacional de Contrataci\u00f3n P\u00fablica&#8221; _builder_version=&#8221;4.8.1&#8243; hover_enabled=&#8221;0&#8243; open=&#8221;off&#8221; sticky_enabled=&#8221;0&#8243;]<a href=\"https:\/\/compracorporativasalud.compraspublicas.gob.ec\/wp-content\/uploads\/2022\/03\/Decreto_Ejecutivo.pdf\" target=\"_blank\" rel=\"noopener noreferrer\">Descargue Aqu\u00ed<\/a>[\/et_pb_accordion_item][et_pb_accordion_item title=&#8221;RESOLUCI\u00d3N: No. RE-SERCOP-2022-122 Reformas a la Resoluci\u00f3n Externa Nro. RE-SERCOP-2016-0000072&#8243; _builder_version=&#8221;4.8.1&#8243; hover_enabled=&#8221;0&#8243; open=&#8221;off&#8221; sticky_enabled=&#8221;0&#8243;]<a href=\"https:\/\/compracorporativasalud.compraspublicas.gob.ec\/wp-content\/uploads\/2022\/03\/PUBLICACION_RO_-RE-SERCOP-2022-122.pdf\" target=\"_blank\" rel=\"noopener noreferrer\">Descargue Aqu\u00ed<\/a><br \/>\n[\/et_pb_accordion_item][\/et_pb_accordion][\/et_pb_column][\/et_pb_row][\/et_pb_section]<\/p>\n","protected":false},"excerpt":{"rendered":"<p>[et_pb_section fb_built=&#8221;1&#8243; fullwidth=&#8221;on&#8221; _builder_version=&#8221;3.22&#8243;][et_pb_fullwidth_image src=&#8221;https:\/\/compracorporativasalud.compraspublicas.gob.ec\/wp-content\/uploads\/2022\/03\/Mesa-de-trabajo-7-copia-3.png&#8221; title_text=&#8221;Mesa de trabajo 7 copia 3&#8243; _builder_version=&#8221;4.8.1&#8243; animation_style=&#8221;slide&#8221; animation_direction=&#8221;left&#8221; animation_duration=&#8221;500ms&#8221; animation_intensity_slide=&#8221;10%&#8221; border_style=&#8221;solid&#8221; animation=&#8221;left&#8221;][\/et_pb_fullwidth_image][\/et_pb_section][et_pb_section fb_built=&#8221;1&#8243; _builder_version=&#8221;3.22&#8243;][et_pb_row _builder_version=&#8221;3.25&#8243; background_size=&#8221;initial&#8221; background_position=&#8221;top_left&#8221; background_repeat=&#8221;repeat&#8221;][et_pb_column type=&#8221;4_4&#8243; _builder_version=&#8221;3.25&#8243; custom_padding=&#8221;|||&#8221; custom_padding__hover=&#8221;|||&#8221;][et_pb_accordion _builder_version=&#8221;4.8.1&#8243; hover_enabled=&#8221;0&#8243; border_style=&#8221;solid&#8221; sticky_enabled=&#8221;0&#8243;][et_pb_accordion_item title=&#8221;Constituci\u00f3n de la Rep\u00fablica del Ecuador &#8221; open=&#8221;on&#8221; _builder_version=&#8221;3.0.47&#8243;]Descargue Aqu\u00ed [\/et_pb_accordion_item][et_pb_accordion_item title=&#8221;Ley Org\u00e1nica del Sistema Nacional de Contrataci\u00f3n P\u00fablica&#8221; _builder_version=&#8221;3.0.47&#8243; open=&#8221;off&#8221;]Descargue Aqu\u00ed [\/et_pb_accordion_item][et_pb_accordion_item [&hellip;]<\/p>\n","protected":false},"author":5,"featured_media":0,"parent":0,"menu_order":0,"comment_status":"closed","ping_status":"closed","template":"","meta":{"_et_pb_use_builder":"on","_et_pb_old_content":"","_et_gb_content_width":""},"_links":{"self":[{"href":"https:\/\/compracorporativasalud.compraspublicas.gob.ec\/index.php\/wp-json\/wp\/v2\/pages\/236"}],"collection":[{"href":"https:\/\/compracorporativasalud.compraspublicas.gob.ec\/index.php\/wp-json\/wp\/v2\/pages"}],"about":[{"href":"https:\/\/compracorporativasalud.compraspublicas.gob.ec\/index.php\/wp-json\/wp\/v2\/types\/page"}],"author":[{"embeddable":true,"href":"https:\/\/compracorporativasalud.compraspublicas.gob.ec\/index.php\/wp-json\/wp\/v2\/users\/5"}],"replies":[{"embeddable":true,"href":"https:\/\/compracorporativasalud.compraspublicas.gob.ec\/index.php\/wp-json\/wp\/v2\/comments?post=236"}],"version-history":[{"count":20,"href":"https:\/\/compracorporativasalud.compraspublicas.gob.ec\/index.php\/wp-json\/wp\/v2\/pages\/236\/revisions"}],"predecessor-version":[{"id":814,"href":"https:\/\/compracorporativasalud.compraspublicas.gob.ec\/index.php\/wp-json\/wp\/v2\/pages\/236\/revisions\/814"}],"wp:attachment":[{"href":"https:\/\/compracorporativasalud.compraspublicas.gob.ec\/index.php\/wp-json\/wp\/v2\/media?parent=236"}],"curies":[{"name":"wp","href":"https:\/\/api.w.org\/{rel}","templated":true}]}}