{"id":262,"date":"2019-11-19T22:13:10","date_gmt":"2019-11-19T22:13:10","guid":{"rendered":"https:\/\/compracorporativasalud.compraspublicas.gob.ec\/?page_id=262"},"modified":"2022-03-10T20:24:49","modified_gmt":"2022-03-10T20:24:49","slug":"enlaces-de-interes","status":"publish","type":"page","link":"https:\/\/compracorporativasalud.compraspublicas.gob.ec\/index.php\/enlaces-de-interes\/","title":{"rendered":"Enlaces de Inter\u00e9s"},"content":{"rendered":"<p>[et_pb_section fb_built=&#8221;1&#8243; fullwidth=&#8221;on&#8221; _builder_version=&#8221;3.22&#8243;][et_pb_fullwidth_image src=&#8221;https:\/\/compracorporativasalud.compraspublicas.gob.ec\/wp-content\/uploads\/2022\/03\/Mesa-de-trabajo-7-copia-5.png&#8221; title_text=&#8221;Mesa de trabajo 7 copia 5&#8243; _builder_version=&#8221;4.8.1&#8243; animation_style=&#8221;slide&#8221; animation_direction=&#8221;left&#8221; animation_duration=&#8221;500ms&#8221; animation_intensity_slide=&#8221;10%&#8221; animation=&#8221;left&#8221; border_style=&#8221;solid&#8221;][\/et_pb_fullwidth_image][\/et_pb_section][et_pb_section fb_built=&#8221;1&#8243; _builder_version=&#8221;3.22&#8243;][et_pb_row _builder_version=&#8221;3.25&#8243; background_size=&#8221;initial&#8221; background_position=&#8221;top_left&#8221; background_repeat=&#8221;repeat&#8221;][et_pb_column type=&#8221;4_4&#8243; _builder_version=&#8221;3.25&#8243; custom_padding=&#8221;|||&#8221; custom_padding__hover=&#8221;|||&#8221;][et_pb_accordion _builder_version=&#8221;4.8.1&#8243; hover_enabled=&#8221;0&#8243; border_style=&#8221;solid&#8221; sticky_enabled=&#8221;0&#8243;][et_pb_accordion_item title=&#8221;Subasta Inversa Corporativa de Medicamentos 2016&#8243; open=&#8221;on&#8221; _builder_version=&#8221;4.8.1&#8243; hover_enabled=&#8221;0&#8243; sticky_enabled=&#8221;0&#8243;]<span style=\"color: #000000;\">P\u00e1gina Web del procedimiento de Subasta Inversa Corporativa de Medicamentos 2016. Se puede visualizar el desarrollo de la primera y segunda fase del procedimiento efectuado en el a\u00f1o 2016, as\u00ed como, documentaci\u00f3n, reportes, noticias, videos y publicaciones.<\/span><\/p>\n<p><a href=\"https:\/\/subastademedicamentos.compraspublicas.gob.ec\/index.html\" target=\"_blank\" rel=\"noopener noreferrer\">Ingrese Aqu\u00ed<\/a><br \/>\n[\/et_pb_accordion_item][et_pb_accordion_item title=&#8221;Direcci\u00f3n Nacional de Medicamentos y Dispositivos M\u00e9dicos&#8221; _builder_version=&#8221;3.0.47&#8243; open=&#8221;off&#8221;]<\/p>\n<p style=\"text-align: justify;\"><span style=\"color: #000000;\">Micrositio de la Direcci\u00f3n Nacional de Medicamentos y Dispositivos M\u00e9dicos del Ministerio de Salud P\u00fablica. Se puede visualizar documentaci\u00f3n como: definiciones, normativa, fichas t\u00e9cnicas, CNMB, listado de medicamentos y dispositivos m\u00e9dicos.<\/span><\/p>\n<p><a href=\"https:\/\/www.salud.gob.ec\/direccion-nacional-de-medicamentos-y-dispositivos-medicos\/\">Descargue Aqu\u00ed<\/a><br \/>\n[\/et_pb_accordion_item][et_pb_accordion_item title=&#8221;Inscripci\u00f3n de Registro Sanitario de Medicamentos (Fabricaci\u00f3n Nacional)&#8221; _builder_version=&#8221;3.0.47&#8243; open=&#8221;off&#8221;]&nbsp;<\/p>\n<p><span style=\"color: #000000;\">En este enlace se pueden visualizar los requisitos, procedimientos, formularios, manuales, responsables, costos y tiempos de emisi\u00f3n, para la inscripci\u00f3n de registro sanitario de medicamentos de fabricaci\u00f3n nacional.\u00a0<\/span><\/p>\n<p><a href=\"https:\/\/www.controlsanitario.gob.ec\/inscripcion-de-registro-sanitario-de-medicamentos-fabricacion-nacional\/\" target=\"_blank\" rel=\"noopener noreferrer\">Ingrese Aqu\u00ed<\/a><br \/>\n[\/et_pb_accordion_item][et_pb_accordion_item title=&#8221;Inscripci\u00f3n de Registro Sanitario de Medicamentos (Fabricaci\u00f3n Extranjera)&#8221; _builder_version=&#8221;3.0.47&#8243; open=&#8221;off&#8221;]<span style=\"color: #000000;\">En este enlace se pueden visualizar los requisitos, procedimientos, formularios, manuales, responsables, costos y tiempos de emisi\u00f3n, para la inscripci\u00f3n de registro sanitario de medicamentos de fabricaci\u00f3n extranjera.\u00a0<\/span><\/p>\n<p><a href=\"http:\/\/www.controlsanitario.gob.ec\/inscripcion-de-registro-sanitario-de-medicamentos-fabricacion-extranjera\/\" target=\"_blank\" rel=\"noopener noreferrer\">Ingrese Aqu\u00ed<\/a><\/p>\n<p>&nbsp;<br \/>\n[\/et_pb_accordion_item][et_pb_accordion_item title=&#8221;Fichas t\u00e9cnicas de medicamentos&#8221; _builder_version=&#8221;3.0.47&#8243; open=&#8221;off&#8221;]&nbsp;<\/p>\n<p style=\"text-align: justify;\"><span style=\"color: #000000;\">En esta p\u00e1gina se pueden visualizar las fichas t\u00e9cnicas de medicamentos del Cuadro Nacional de Medicamentos B\u00e1sicos aprobado por el Ministerio de Salud, las cuales detalla las especificaciones t\u00e9cnicas de los medicamentos, misma que deber\u00e1 ser cumplida por los oferentes participantes.<\/span><\/p>\n<p><a href=\"https:\/\/fichatecnicamed.msp.gob.ec\/search\" target=\"_blank\" rel=\"noopener noreferrer\">Ingrese Aqu\u00ed<\/a><\/p>\n<p>&nbsp;<\/p>\n<p>&nbsp;<br \/>\n[\/et_pb_accordion_item][et_pb_accordion_item title=&#8221;Fichas T\u00e9cnicas de Bienes Estrat\u00e9gicos en Salud&#8221; _builder_version=&#8221;3.0.47&#8243; open=&#8221;off&#8221;]<\/p>\n<p style=\"text-align: justify;\"><span style=\"color: #000000;\">En esta p\u00e1gina se pueden visualizar las fichas t\u00e9cnicas de dispositivos m\u00e9dicos aprobado por el Ministerio de Salud P\u00fablica, las cuales detalla las especificaciones t\u00e9cnicas de los bienes estrat\u00e9gicos en salud.<\/span><\/p>\n<p><a href=\"https:\/\/fichatecnicadm.msp.gob.ec\/search\">Descargue Aqu\u00ed<\/a><br \/>\n[\/et_pb_accordion_item][\/et_pb_accordion][\/et_pb_column][\/et_pb_row][\/et_pb_section]<\/p>\n","protected":false},"excerpt":{"rendered":"<p>[et_pb_section fb_built=&#8221;1&#8243; fullwidth=&#8221;on&#8221; _builder_version=&#8221;3.22&#8243;][et_pb_fullwidth_image src=&#8221;https:\/\/compracorporativasalud.compraspublicas.gob.ec\/wp-content\/uploads\/2022\/03\/Mesa-de-trabajo-7-copia-5.png&#8221; title_text=&#8221;Mesa de trabajo 7 copia 5&#8243; _builder_version=&#8221;4.8.1&#8243; animation_style=&#8221;slide&#8221; animation_direction=&#8221;left&#8221; animation_duration=&#8221;500ms&#8221; animation_intensity_slide=&#8221;10%&#8221; animation=&#8221;left&#8221; border_style=&#8221;solid&#8221;][\/et_pb_fullwidth_image][\/et_pb_section][et_pb_section fb_built=&#8221;1&#8243; _builder_version=&#8221;3.22&#8243;][et_pb_row _builder_version=&#8221;3.25&#8243; background_size=&#8221;initial&#8221; background_position=&#8221;top_left&#8221; background_repeat=&#8221;repeat&#8221;][et_pb_column type=&#8221;4_4&#8243; _builder_version=&#8221;3.25&#8243; custom_padding=&#8221;|||&#8221; custom_padding__hover=&#8221;|||&#8221;][et_pb_accordion _builder_version=&#8221;4.8.1&#8243; hover_enabled=&#8221;0&#8243; border_style=&#8221;solid&#8221; sticky_enabled=&#8221;0&#8243;][et_pb_accordion_item title=&#8221;Subasta Inversa Corporativa de Medicamentos 2016&#8243; open=&#8221;on&#8221; _builder_version=&#8221;4.8.1&#8243; hover_enabled=&#8221;0&#8243; sticky_enabled=&#8221;0&#8243;]P\u00e1gina Web del procedimiento de Subasta Inversa Corporativa de Medicamentos 2016. Se puede visualizar [&hellip;]<\/p>\n","protected":false},"author":5,"featured_media":0,"parent":0,"menu_order":0,"comment_status":"closed","ping_status":"closed","template":"","meta":{"_et_pb_use_builder":"on","_et_pb_old_content":"","_et_gb_content_width":""},"_links":{"self":[{"href":"https:\/\/compracorporativasalud.compraspublicas.gob.ec\/index.php\/wp-json\/wp\/v2\/pages\/262"}],"collection":[{"href":"https:\/\/compracorporativasalud.compraspublicas.gob.ec\/index.php\/wp-json\/wp\/v2\/pages"}],"about":[{"href":"https:\/\/compracorporativasalud.compraspublicas.gob.ec\/index.php\/wp-json\/wp\/v2\/types\/page"}],"author":[{"embeddable":true,"href":"https:\/\/compracorporativasalud.compraspublicas.gob.ec\/index.php\/wp-json\/wp\/v2\/users\/5"}],"replies":[{"embeddable":true,"href":"https:\/\/compracorporativasalud.compraspublicas.gob.ec\/index.php\/wp-json\/wp\/v2\/comments?post=262"}],"version-history":[{"count":13,"href":"https:\/\/compracorporativasalud.compraspublicas.gob.ec\/index.php\/wp-json\/wp\/v2\/pages\/262\/revisions"}],"predecessor-version":[{"id":824,"href":"https:\/\/compracorporativasalud.compraspublicas.gob.ec\/index.php\/wp-json\/wp\/v2\/pages\/262\/revisions\/824"}],"wp:attachment":[{"href":"https:\/\/compracorporativasalud.compraspublicas.gob.ec\/index.php\/wp-json\/wp\/v2\/media?parent=262"}],"curies":[{"name":"wp","href":"https:\/\/api.w.org\/{rel}","templated":true}]}}