{"id":665,"date":"2022-01-26T19:08:27","date_gmt":"2022-01-26T19:08:27","guid":{"rendered":"https:\/\/compracorporativasalud.compraspublicas.gob.ec\/?page_id=665"},"modified":"2022-01-26T19:09:21","modified_gmt":"2022-01-26T19:09:21","slug":"base-legal","status":"publish","type":"page","link":"https:\/\/compracorporativasalud.compraspublicas.gob.ec\/index.php\/base-legal\/","title":{"rendered":"BASE LEGAL"},"content":{"rendered":"<p>[et_pb_section fb_built=&#8221;1&#8243; fullwidth=&#8221;on&#8221; _builder_version=&#8221;3.22&#8243;][et_pb_fullwidth_image _builder_version=&#8221;4.8.1&#8243; animation_style=&#8221;slide&#8221; animation_direction=&#8221;left&#8221; animation_duration=&#8221;500ms&#8221; animation_intensity_slide=&#8221;10%&#8221; hover_enabled=&#8221;0&#8243; animation=&#8221;left&#8221; border_style=&#8221;solid&#8221; title_text=&#8221;Mesa de trabajo 4 copia&#8221; src=&#8221;https:\/\/compracorporativasalud.compraspublicas.gob.ec\/wp-content\/uploads\/2022\/01\/Mesa-de-trabajo-4-copia.png&#8221; sticky_enabled=&#8221;0&#8243;][\/et_pb_fullwidth_image][\/et_pb_section][et_pb_section fb_built=&#8221;1&#8243; _builder_version=&#8221;3.22&#8243;][et_pb_row _builder_version=&#8221;3.25&#8243; background_size=&#8221;initial&#8221; background_position=&#8221;top_left&#8221; background_repeat=&#8221;repeat&#8221;][et_pb_column type=&#8221;4_4&#8243; _builder_version=&#8221;3.25&#8243; custom_padding=&#8221;|||&#8221; custom_padding__hover=&#8221;|||&#8221;][et_pb_text _builder_version=&#8221;4.8.1&#8243; border_style=&#8221;solid&#8221;]<\/p>\n<p style=\"text-align: justify;\"><span style=\"color: #320000;\">El numeral 2 del art\u00edculo 9 de la Codificaci\u00f3n y Actualizaci\u00f3n de Resoluciones emitidas por el Servicio Nacional de Contrataci\u00f3n P\u00fablica, establece lo siguiente: \u201cEstudio de mercado para la definici\u00f3n de presupuesto referencial, que deber\u00e1n contener las siguientes consideraciones m\u00ednimas: <\/span><\/p>\n<p style=\"text-align: justify;\"><span style=\"color: #320000;\">1. An\u00e1lisis del bien o servicio a ser adquirido: caracter\u00edsticas t\u00e9cnicas; <\/span><\/p>\n<p style=\"text-align: justify;\"><span style=\"color: #320000;\">2. Considerar los montos de adjudicaciones similares realizadas en los \u00faltimos dos a\u00f1os, previos a la publicaci\u00f3n del proceso tanto de la entidad contratante como de otras instituciones; <\/span><\/p>\n<p style=\"text-align: justify;\"><span style=\"color: #320000;\">3. Tomar encuenta la variaci\u00f3n de precios locales o importados, seg\u00fan corresponda. De ser necesario traer los montos avalores presentes, considerando la inflaci\u00f3n (nacional e\/o internacional); es decir, realizar el an\u00e1lisis a precios actuales; <br \/><\/span><\/p>\n<p style=\"text-align: justify;\"><span style=\"color: #320000;\">4. Siempre que sea posible, se exhorta a las entidades contratantes a que cuenten con al menos tres<\/span><br \/><span style=\"color: #320000;\">proformas.\u201d<\/span><\/p>\n<p>[\/et_pb_text][\/et_pb_column][\/et_pb_row][\/et_pb_section]<\/p>\n","protected":false},"excerpt":{"rendered":"<p>[et_pb_section fb_built=&#8221;1&#8243; fullwidth=&#8221;on&#8221; _builder_version=&#8221;3.22&#8243;][et_pb_fullwidth_image _builder_version=&#8221;4.8.1&#8243; animation_style=&#8221;slide&#8221; animation_direction=&#8221;left&#8221; animation_duration=&#8221;500ms&#8221; animation_intensity_slide=&#8221;10%&#8221; hover_enabled=&#8221;0&#8243; animation=&#8221;left&#8221; border_style=&#8221;solid&#8221; title_text=&#8221;Mesa de trabajo 4 copia&#8221; src=&#8221;https:\/\/compracorporativasalud.compraspublicas.gob.ec\/wp-content\/uploads\/2022\/01\/Mesa-de-trabajo-4-copia.png&#8221; sticky_enabled=&#8221;0&#8243;][\/et_pb_fullwidth_image][\/et_pb_section][et_pb_section fb_built=&#8221;1&#8243; _builder_version=&#8221;3.22&#8243;][et_pb_row _builder_version=&#8221;3.25&#8243; background_size=&#8221;initial&#8221; background_position=&#8221;top_left&#8221; background_repeat=&#8221;repeat&#8221;][et_pb_column type=&#8221;4_4&#8243; _builder_version=&#8221;3.25&#8243; custom_padding=&#8221;|||&#8221; custom_padding__hover=&#8221;|||&#8221;][et_pb_text _builder_version=&#8221;4.8.1&#8243; border_style=&#8221;solid&#8221;] El numeral 2 del art\u00edculo 9 de la Codificaci\u00f3n y Actualizaci\u00f3n de Resoluciones emitidas por el Servicio Nacional de Contrataci\u00f3n P\u00fablica, establece lo siguiente: [&hellip;]<\/p>\n","protected":false},"author":5,"featured_media":0,"parent":0,"menu_order":0,"comment_status":"closed","ping_status":"closed","template":"","meta":{"_et_pb_use_builder":"on","_et_pb_old_content":"","_et_gb_content_width":""},"_links":{"self":[{"href":"https:\/\/compracorporativasalud.compraspublicas.gob.ec\/index.php\/wp-json\/wp\/v2\/pages\/665"}],"collection":[{"href":"https:\/\/compracorporativasalud.compraspublicas.gob.ec\/index.php\/wp-json\/wp\/v2\/pages"}],"about":[{"href":"https:\/\/compracorporativasalud.compraspublicas.gob.ec\/index.php\/wp-json\/wp\/v2\/types\/page"}],"author":[{"embeddable":true,"href":"https:\/\/compracorporativasalud.compraspublicas.gob.ec\/index.php\/wp-json\/wp\/v2\/users\/5"}],"replies":[{"embeddable":true,"href":"https:\/\/compracorporativasalud.compraspublicas.gob.ec\/index.php\/wp-json\/wp\/v2\/comments?post=665"}],"version-history":[{"count":5,"href":"https:\/\/compracorporativasalud.compraspublicas.gob.ec\/index.php\/wp-json\/wp\/v2\/pages\/665\/revisions"}],"predecessor-version":[{"id":672,"href":"https:\/\/compracorporativasalud.compraspublicas.gob.ec\/index.php\/wp-json\/wp\/v2\/pages\/665\/revisions\/672"}],"wp:attachment":[{"href":"https:\/\/compracorporativasalud.compraspublicas.gob.ec\/index.php\/wp-json\/wp\/v2\/media?parent=665"}],"curies":[{"name":"wp","href":"https:\/\/api.w.org\/{rel}","templated":true}]}}